{"id":36,"date":"2020-04-05T19:16:44","date_gmt":"2020-04-05T17:16:44","guid":{"rendered":"https:\/\/metzgerei-grom.de\/vorbestellung\/?page_id=36"},"modified":"2022-04-14T07:50:24","modified_gmt":"2022-04-14T05:50:24","slug":"vorbestellungen-fuer-deine-metzgerei-grom","status":"publish","type":"page","link":"https:\/\/metzgerei-grom.de\/vorbestellung\/","title":{"rendered":"Vorbestellungen f\u00fcr deine Metzgerei Grom"},"content":{"rendered":"\t\t<div data-elementor-type=\"wp-page\" data-elementor-id=\"36\" class=\"elementor elementor-36\">\n\t\t\t\t\t\t<div class=\"elementor-inner\">\n\t\t\t\t<div class=\"elementor-section-wrap\">\n\t\t\t\t\t\t\t\t\t<section class=\"elementor-section elementor-top-section elementor-element elementor-element-9313d52 elementor-section-boxed elementor-section-height-default elementor-section-height-default\" data-id=\"9313d52\" data-element_type=\"section\">\n\t\t\t\t\t\t<div class=\"elementor-container elementor-column-gap-default\">\n\t\t\t\t\t\t\t<div class=\"elementor-row\">\n\t\t\t\t\t<div class=\"elementor-column elementor-col-100 elementor-top-column elementor-element elementor-element-8c6cf9c\" data-id=\"8c6cf9c\" data-element_type=\"column\">\n\t\t\t<div class=\"elementor-column-wrap elementor-element-populated\">\n\t\t\t\t\t\t\t<div class=\"elementor-widget-wrap\">\n\t\t\t\t\t\t<div class=\"elementor-element elementor-element-08d5706 elementor-widget elementor-widget-heading\" data-id=\"08d5706\" data-element_type=\"widget\" data-widget_type=\"heading.default\">\n\t\t\t\t<div class=\"elementor-widget-container\">\n\t\t\t<h2 class=\"elementor-heading-title elementor-size-default\">Online vorbestellen und im Laden abholen<\/h2>\t\t<\/div>\n\t\t\t\t<\/div>\n\t\t\t\t\t\t<\/div>\n\t\t\t\t\t<\/div>\n\t\t<\/div>\n\t\t\t\t\t\t\t\t<\/div>\n\t\t\t\t\t<\/div>\n\t\t<\/section>\n\t\t\t\t<section class=\"elementor-section elementor-top-section elementor-element elementor-element-1fa9140 elementor-section-boxed elementor-section-height-default elementor-section-height-default\" data-id=\"1fa9140\" data-element_type=\"section\">\n\t\t\t\t\t\t<div class=\"elementor-container elementor-column-gap-default\">\n\t\t\t\t\t\t\t<div class=\"elementor-row\">\n\t\t\t\t\t<div class=\"elementor-column elementor-col-50 elementor-top-column elementor-element elementor-element-5b38739\" data-id=\"5b38739\" data-element_type=\"column\">\n\t\t\t<div class=\"elementor-column-wrap elementor-element-populated\">\n\t\t\t\t\t\t\t<div class=\"elementor-widget-wrap\">\n\t\t\t\t\t\t<div class=\"elementor-element elementor-element-84e1e5c elementor-widget elementor-widget-image\" data-id=\"84e1e5c\" data-element_type=\"widget\" data-widget_type=\"image.default\">\n\t\t\t\t<div class=\"elementor-widget-container\">\n\t\t\t\t\t\t\t\t<div class=\"elementor-image\">\n\t\t\t\t\t\t\t\t\t\t\t\t<img width=\"768\" height=\"477\" src=\"https:\/\/metzgerei-grom.de\/vorbestellung\/wp-content\/uploads\/sites\/2\/2020\/04\/Metzgerei-in-bad-bocklet.jpg\" class=\"attachment-full size-full\" alt=\"\" loading=\"lazy\" srcset=\"https:\/\/metzgerei-grom.de\/vorbestellung\/wp-content\/uploads\/sites\/2\/2020\/04\/Metzgerei-in-bad-bocklet.jpg 768w, https:\/\/metzgerei-grom.de\/vorbestellung\/wp-content\/uploads\/sites\/2\/2020\/04\/Metzgerei-in-bad-bocklet-300x186.jpg 300w, https:\/\/metzgerei-grom.de\/vorbestellung\/wp-content\/uploads\/sites\/2\/2020\/04\/Metzgerei-in-bad-bocklet-600x373.jpg 600w\" sizes=\"(max-width: 768px) 100vw, 768px\" \/>\t\t\t\t\t\t\t\t\t\t\t\t\t\t<\/div>\n\t\t\t\t\t\t<\/div>\n\t\t\t\t<\/div>\n\t\t\t\t\t\t<\/div>\n\t\t\t\t\t<\/div>\n\t\t<\/div>\n\t\t\t\t<div class=\"elementor-column elementor-col-50 elementor-top-column elementor-element elementor-element-38c098f elementor-hidden-tablet elementor-hidden-phone\" data-id=\"38c098f\" data-element_type=\"column\">\n\t\t\t<div class=\"elementor-column-wrap elementor-element-populated\">\n\t\t\t\t\t\t\t<div class=\"elementor-widget-wrap\">\n\t\t\t\t\t\t<div class=\"elementor-element elementor-element-b58e3c1 elementor-widget elementor-widget-image\" data-id=\"b58e3c1\" data-element_type=\"widget\" data-widget_type=\"image.default\">\n\t\t\t\t<div class=\"elementor-widget-container\">\n\t\t\t\t\t\t\t\t<div class=\"elementor-image\">\n\t\t\t\t\t\t\t\t\t\t\t\t<img width=\"344\" height=\"228\" src=\"https:\/\/metzgerei-grom.de\/vorbestellung\/wp-content\/uploads\/sites\/2\/2020\/04\/grom-qualitaetspruefung.jpg\" class=\"attachment-large size-large\" alt=\"\" loading=\"lazy\" srcset=\"https:\/\/metzgerei-grom.de\/vorbestellung\/wp-content\/uploads\/sites\/2\/2020\/04\/grom-qualitaetspruefung.jpg 344w, https:\/\/metzgerei-grom.de\/vorbestellung\/wp-content\/uploads\/sites\/2\/2020\/04\/grom-qualitaetspruefung-300x199.jpg 300w\" sizes=\"(max-width: 344px) 100vw, 344px\" \/>\t\t\t\t\t\t\t\t\t\t\t\t\t\t<\/div>\n\t\t\t\t\t\t<\/div>\n\t\t\t\t<\/div>\n\t\t\t\t<div class=\"elementor-element elementor-element-8ee8b77 elementor-widget elementor-widget-image\" data-id=\"8ee8b77\" data-element_type=\"widget\" data-widget_type=\"image.default\">\n\t\t\t\t<div class=\"elementor-widget-container\">\n\t\t\t\t\t\t\t\t<div class=\"elementor-image\">\n\t\t\t\t\t\t\t\t\t\t\t\t<img width=\"344\" height=\"228\" src=\"https:\/\/metzgerei-grom.de\/vorbestellung\/wp-content\/uploads\/sites\/2\/2020\/04\/metzgerei-qualitaet-in-bayern.jpg\" class=\"attachment-large size-large\" alt=\"\" loading=\"lazy\" srcset=\"https:\/\/metzgerei-grom.de\/vorbestellung\/wp-content\/uploads\/sites\/2\/2020\/04\/metzgerei-qualitaet-in-bayern.jpg 344w, https:\/\/metzgerei-grom.de\/vorbestellung\/wp-content\/uploads\/sites\/2\/2020\/04\/metzgerei-qualitaet-in-bayern-300x199.jpg 300w\" sizes=\"(max-width: 344px) 100vw, 344px\" \/>\t\t\t\t\t\t\t\t\t\t\t\t\t\t<\/div>\n\t\t\t\t\t\t<\/div>\n\t\t\t\t<\/div>\n\t\t\t\t\t\t<\/div>\n\t\t\t\t\t<\/div>\n\t\t<\/div>\n\t\t\t\t\t\t\t\t<\/div>\n\t\t\t\t\t<\/div>\n\t\t<\/section>\n\t\t\t\t<section class=\"elementor-section elementor-top-section elementor-element elementor-element-54d5e8a elementor-section-boxed elementor-section-height-default elementor-section-height-default\" data-id=\"54d5e8a\" data-element_type=\"section\">\n\t\t\t\t\t\t<div class=\"elementor-container elementor-column-gap-default\">\n\t\t\t\t\t\t\t<div class=\"elementor-row\">\n\t\t\t\t\t<div class=\"elementor-column elementor-col-100 elementor-top-column elementor-element elementor-element-de1a010\" data-id=\"de1a010\" data-element_type=\"column\">\n\t\t\t<div class=\"elementor-column-wrap elementor-element-populated\">\n\t\t\t\t\t\t\t<div class=\"elementor-widget-wrap\">\n\t\t\t\t\t\t<div class=\"elementor-element elementor-element-f6fc5cd elementor-widget elementor-widget-text-editor\" data-id=\"f6fc5cd\" data-element_type=\"widget\" data-widget_type=\"text-editor.default\">\n\t\t\t\t<div class=\"elementor-widget-container\">\n\t\t\t\t\t\t\t\t<div class=\"elementor-text-editor elementor-clearfix\">\n\t\t\t\t<p>Nicht aufgef\u00fchrte Waren k\u00f6nnen Sie am Ende beim Bestellabschluss noch eintragen (z.B. Grillfleisch oder \u00e4hnliches).<\/p>\t\t\t\t\t<\/div>\n\t\t\t\t\t\t<\/div>\n\t\t\t\t<\/div>\n\t\t\t\t<div class=\"elementor-element elementor-element-68ce53c elementor-widget elementor-widget-heading\" data-id=\"68ce53c\" data-element_type=\"widget\" data-widget_type=\"heading.default\">\n\t\t\t\t<div class=\"elementor-widget-container\">\n\t\t\t<h2 class=\"elementor-heading-title elementor-size-default\">Unsere Produkte<\/h2>\t\t<\/div>\n\t\t\t\t<\/div>\n\t\t\t\t\t\t<\/div>\n\t\t\t\t\t<\/div>\n\t\t<\/div>\n\t\t\t\t\t\t\t\t<\/div>\n\t\t\t\t\t<\/div>\n\t\t<\/section>\n\t\t\t\t<section class=\"elementor-section elementor-top-section elementor-element elementor-element-91c9fe5 elementor-section-boxed elementor-section-height-default elementor-section-height-default\" data-id=\"91c9fe5\" data-element_type=\"section\">\n\t\t\t\t\t\t<div class=\"elementor-container elementor-column-gap-no\">\n\t\t\t\t\t\t\t<div class=\"elementor-row\">\n\t\t\t\t\t<div class=\"elementor-column elementor-col-25 elementor-top-column elementor-element elementor-element-145aa1d\" data-id=\"145aa1d\" data-element_type=\"column\" data-settings=\"{&quot;background_background&quot;:&quot;classic&quot;}\">\n\t\t\t<div class=\"elementor-column-wrap elementor-element-populated\">\n\t\t\t\t\t\t\t<div class=\"elementor-widget-wrap\">\n\t\t\t\t\t\t<div class=\"elementor-element elementor-element-cd6991b elementor-widget elementor-widget-image\" data-id=\"cd6991b\" data-element_type=\"widget\" data-widget_type=\"image.default\">\n\t\t\t\t<div class=\"elementor-widget-container\">\n\t\t\t\t\t\t\t\t<div class=\"elementor-image\">\n\t\t\t\t\t\t\t\t\t\t\t\t\t<a href=\"https:\/\/metzgerei-grom.de\/vorbestellung\/aufschnitt\/\">\n\t\t\t\t\t\t\t<img width=\"300\" height=\"183\" src=\"https:\/\/metzgerei-grom.de\/vorbestellung\/wp-content\/uploads\/sites\/2\/2020\/04\/aufschnitt.jpg\" class=\"attachment-large size-large\" alt=\"\" loading=\"lazy\" \/>\t\t\t\t\t\t\t\t<\/a>\n\t\t\t\t\t\t\t\t\t\t\t\t\t\t<\/div>\n\t\t\t\t\t\t<\/div>\n\t\t\t\t<\/div>\n\t\t\t\t<div class=\"elementor-element elementor-element-1a589d2 elementor-widget elementor-widget-heading\" data-id=\"1a589d2\" data-element_type=\"widget\" data-widget_type=\"heading.default\">\n\t\t\t\t<div class=\"elementor-widget-container\">\n\t\t\t<h3 class=\"elementor-heading-title elementor-size-default\"><a href=\"https:\/\/metzgerei-grom.de\/vorbestellung\/aufschnitt\/\">Aufschnitt<\/a><\/h3>\t\t<\/div>\n\t\t\t\t<\/div>\n\t\t\t\t\t\t<\/div>\n\t\t\t\t\t<\/div>\n\t\t<\/div>\n\t\t\t\t<div class=\"elementor-column elementor-col-25 elementor-top-column elementor-element elementor-element-c6ebbc0\" data-id=\"c6ebbc0\" data-element_type=\"column\" data-settings=\"{&quot;background_background&quot;:&quot;classic&quot;}\">\n\t\t\t<div class=\"elementor-column-wrap elementor-element-populated\">\n\t\t\t\t\t\t\t<div class=\"elementor-widget-wrap\">\n\t\t\t\t\t\t<div class=\"elementor-element elementor-element-9781775 elementor-widget elementor-widget-image\" data-id=\"9781775\" data-element_type=\"widget\" data-widget_type=\"image.default\">\n\t\t\t\t<div class=\"elementor-widget-container\">\n\t\t\t\t\t\t\t\t<div class=\"elementor-image\">\n\t\t\t\t\t\t\t\t\t\t\t\t\t<a href=\"https:\/\/metzgerei-grom.de\/vorbestellung\/in-der-dose-glas\/\">\n\t\t\t\t\t\t\t<img width=\"300\" height=\"183\" src=\"https:\/\/metzgerei-grom.de\/vorbestellung\/wp-content\/uploads\/sites\/2\/2020\/04\/dosenwurst.jpg\" class=\"attachment-large size-large\" alt=\"\" loading=\"lazy\" \/>\t\t\t\t\t\t\t\t<\/a>\n\t\t\t\t\t\t\t\t\t\t\t\t\t\t<\/div>\n\t\t\t\t\t\t<\/div>\n\t\t\t\t<\/div>\n\t\t\t\t<div class=\"elementor-element elementor-element-b8ef7d5 elementor-widget elementor-widget-heading\" data-id=\"b8ef7d5\" data-element_type=\"widget\" data-widget_type=\"heading.default\">\n\t\t\t\t<div class=\"elementor-widget-container\">\n\t\t\t<h3 class=\"elementor-heading-title elementor-size-default\"><a href=\"https:\/\/metzgerei-grom.de\/vorbestellung\/in-der-dose-glas\/\">Dosen\/Gl\u00e4ser<\/a><\/h3>\t\t<\/div>\n\t\t\t\t<\/div>\n\t\t\t\t\t\t<\/div>\n\t\t\t\t\t<\/div>\n\t\t<\/div>\n\t\t\t\t<div class=\"elementor-column elementor-col-25 elementor-top-column elementor-element elementor-element-4b18241\" data-id=\"4b18241\" data-element_type=\"column\" data-settings=\"{&quot;background_background&quot;:&quot;classic&quot;}\">\n\t\t\t<div class=\"elementor-column-wrap elementor-element-populated\">\n\t\t\t\t\t\t\t<div class=\"elementor-widget-wrap\">\n\t\t\t\t\t\t<div class=\"elementor-element elementor-element-910b997 elementor-widget elementor-widget-image\" data-id=\"910b997\" data-element_type=\"widget\" data-widget_type=\"image.default\">\n\t\t\t\t<div class=\"elementor-widget-container\">\n\t\t\t\t\t\t\t\t<div class=\"elementor-image\">\n\t\t\t\t\t\t\t\t\t\t\t\t\t<a href=\"https:\/\/metzgerei-grom.de\/vorbestellung\/wuerstl\/\">\n\t\t\t\t\t\t\t<img width=\"300\" height=\"183\" src=\"https:\/\/metzgerei-grom.de\/vorbestellung\/wp-content\/uploads\/sites\/2\/2020\/04\/wuerstl.jpg\" class=\"attachment-large size-large\" alt=\"\" loading=\"lazy\" \/>\t\t\t\t\t\t\t\t<\/a>\n\t\t\t\t\t\t\t\t\t\t\t\t\t\t<\/div>\n\t\t\t\t\t\t<\/div>\n\t\t\t\t<\/div>\n\t\t\t\t<div class=\"elementor-element elementor-element-673a9ee elementor-widget elementor-widget-heading\" data-id=\"673a9ee\" data-element_type=\"widget\" data-widget_type=\"heading.default\">\n\t\t\t\t<div class=\"elementor-widget-container\">\n\t\t\t<h3 class=\"elementor-heading-title elementor-size-default\"><a href=\"https:\/\/metzgerei-grom.de\/vorbestellung\/wuerstl\/\">W\u00fcrstl<\/a><\/h3>\t\t<\/div>\n\t\t\t\t<\/div>\n\t\t\t\t\t\t<\/div>\n\t\t\t\t\t<\/div>\n\t\t<\/div>\n\t\t\t\t<div class=\"elementor-column elementor-col-25 elementor-top-column elementor-element elementor-element-f84183d\" data-id=\"f84183d\" data-element_type=\"column\" data-settings=\"{&quot;background_background&quot;:&quot;classic&quot;}\">\n\t\t\t<div class=\"elementor-column-wrap elementor-element-populated\">\n\t\t\t\t\t\t\t<div class=\"elementor-widget-wrap\">\n\t\t\t\t\t\t<div class=\"elementor-element elementor-element-c88caff elementor-widget elementor-widget-image\" data-id=\"c88caff\" data-element_type=\"widget\" data-widget_type=\"image.default\">\n\t\t\t\t<div class=\"elementor-widget-container\">\n\t\t\t\t\t\t\t\t<div class=\"elementor-image\">\n\t\t\t\t\t\t\t\t\t\t\t\t\t<a href=\"https:\/\/metzgerei-grom.de\/vorbestellung\/grillsachen\/\">\n\t\t\t\t\t\t\t<img width=\"300\" height=\"183\" src=\"https:\/\/metzgerei-grom.de\/vorbestellung\/wp-content\/uploads\/sites\/2\/2021\/06\/grillsachen-metzgerei-grom.jpg\" class=\"attachment-large size-large\" alt=\"\" loading=\"lazy\" \/>\t\t\t\t\t\t\t\t<\/a>\n\t\t\t\t\t\t\t\t\t\t\t\t\t\t<\/div>\n\t\t\t\t\t\t<\/div>\n\t\t\t\t<\/div>\n\t\t\t\t<div class=\"elementor-element elementor-element-3fe7313 elementor-widget elementor-widget-heading\" data-id=\"3fe7313\" data-element_type=\"widget\" data-widget_type=\"heading.default\">\n\t\t\t\t<div class=\"elementor-widget-container\">\n\t\t\t<h3 class=\"elementor-heading-title elementor-size-default\"><a href=\"https:\/\/metzgerei-grom.de\/vorbestellung\/grillsachen\/\">Grillsachen<\/a><\/h3>\t\t<\/div>\n\t\t\t\t<\/div>\n\t\t\t\t\t\t<\/div>\n\t\t\t\t\t<\/div>\n\t\t<\/div>\n\t\t\t\t\t\t\t\t<\/div>\n\t\t\t\t\t<\/div>\n\t\t<\/section>\n\t\t\t\t<section class=\"elementor-section elementor-top-section elementor-element elementor-element-ffc2c52 elementor-hidden-tablet elementor-hidden-phone elementor-section-boxed elementor-section-height-default elementor-section-height-default\" data-id=\"ffc2c52\" data-element_type=\"section\">\n\t\t\t\t\t\t<div class=\"elementor-container elementor-column-gap-default\">\n\t\t\t\t\t\t\t<div class=\"elementor-row\">\n\t\t\t\t\t<div class=\"elementor-column elementor-col-100 elementor-top-column elementor-element elementor-element-4052b97\" data-id=\"4052b97\" data-element_type=\"column\">\n\t\t\t<div class=\"elementor-column-wrap elementor-element-populated\">\n\t\t\t\t\t\t\t<div class=\"elementor-widget-wrap\">\n\t\t\t\t\t\t<div class=\"elementor-element elementor-element-44ace9f elementor-widget elementor-widget-spacer\" data-id=\"44ace9f\" data-element_type=\"widget\" data-widget_type=\"spacer.default\">\n\t\t\t\t<div class=\"elementor-widget-container\">\n\t\t\t\t\t<div class=\"elementor-spacer\">\n\t\t\t<div class=\"elementor-spacer-inner\"><\/div>\n\t\t<\/div>\n\t\t\t\t<\/div>\n\t\t\t\t<\/div>\n\t\t\t\t\t\t<\/div>\n\t\t\t\t\t<\/div>\n\t\t<\/div>\n\t\t\t\t\t\t\t\t<\/div>\n\t\t\t\t\t<\/div>\n\t\t<\/section>\n\t\t\t\t\t\t\t\t\t<\/div>\n\t\t\t<\/div>\n\t\t\t\t\t<\/div>\n\t\t","protected":false},"excerpt":{"rendered":"<p>Online vorbestellen und im Laden abholen Nicht aufgef\u00fchrte Waren k\u00f6nnen Sie am Ende beim Bestellabschluss noch eintragen (z.B. Grillfleisch oder \u00e4hnliches). Unsere Produkte Aufschnitt Dosen\/Gl\u00e4ser W\u00fcrstl Grillsachen<\/p>\n","protected":false},"author":1,"featured_media":524,"parent":0,"menu_order":0,"comment_status":"closed","ping_status":"closed","template":"","meta":{"site-sidebar-layout":"no-sidebar","site-content-layout":"page-builder","ast-global-header-display":"","ast-main-header-display":"","ast-hfb-above-header-display":"","ast-hfb-below-header-display":"","ast-hfb-mobile-header-display":"","site-post-title":"disabled","ast-breadcrumbs-content":"disabled","ast-featured-img":"disabled","footer-sml-layout":"","theme-transparent-header-meta":"default","adv-header-id-meta":"","stick-header-meta":"","header-above-stick-meta":"","header-main-stick-meta":"","header-below-stick-meta":""},"yoast_head":"<!-- This site is optimized with the Yoast SEO plugin v19.7.2 - https:\/\/yoast.com\/wordpress\/plugins\/seo\/ -->\n<title>Online vorbestellen und im Laden abholen | Metzgerei Grom<\/title>\n<meta name=\"robots\" content=\"index, follow, max-snippet:-1, max-image-preview:large, max-video-preview:-1\" \/>\n<link rel=\"canonical\" href=\"https:\/\/metzgerei-grom.de\/vorbestellung\/\" \/>\n<meta property=\"og:locale\" content=\"de_DE\" \/>\n<meta property=\"og:type\" content=\"article\" \/>\n<meta property=\"og:title\" content=\"Online vorbestellen und im Laden abholen | Metzgerei Grom\" \/>\n<meta property=\"og:description\" content=\"Online vorbestellen und im Laden abholen Nicht aufgef\u00fchrte Waren k\u00f6nnen Sie am Ende beim Bestellabschluss noch eintragen (z.B. Grillfleisch oder \u00e4hnliches). Unsere Produkte Aufschnitt Dosen\/Gl\u00e4ser W\u00fcrstl Grillsachen\" \/>\n<meta property=\"og:url\" content=\"https:\/\/metzgerei-grom.de\/vorbestellung\/\" \/>\n<meta property=\"og:site_name\" content=\"Online vorbestellen\" \/>\n<meta property=\"article:modified_time\" content=\"2022-04-14T05:50:24+00:00\" \/>\n<meta property=\"og:image\" content=\"https:\/\/metzgerei-grom.de\/vorbestellung\/wp-content\/uploads\/sites\/2\/2020\/09\/94031177_1588916224608623_323229536365838336_o-e1600593475860.jpg\" \/>\n\t<meta property=\"og:image:width\" content=\"1600\" \/>\n\t<meta property=\"og:image:height\" content=\"888\" \/>\n\t<meta property=\"og:image:type\" content=\"image\/jpeg\" \/>\n<meta name=\"twitter:card\" content=\"summary_large_image\" \/>\n<script type=\"application\/ld+json\" class=\"yoast-schema-graph\">{\"@context\":\"https:\/\/schema.org\",\"@graph\":[{\"@type\":\"WebPage\",\"@id\":\"https:\/\/metzgerei-grom.de\/vorbestellung\/\",\"url\":\"https:\/\/metzgerei-grom.de\/vorbestellung\/\",\"name\":\"Online vorbestellen und im Laden abholen | Metzgerei Grom\",\"isPartOf\":{\"@id\":\"https:\/\/metzgerei-grom.de\/vorbestellung\/#website\"},\"datePublished\":\"2020-04-05T17:16:44+00:00\",\"dateModified\":\"2022-04-14T05:50:24+00:00\",\"breadcrumb\":{\"@id\":\"https:\/\/metzgerei-grom.de\/vorbestellung\/#breadcrumb\"},\"inLanguage\":\"de\",\"potentialAction\":[{\"@type\":\"ReadAction\",\"target\":[\"https:\/\/metzgerei-grom.de\/vorbestellung\/\"]}]},{\"@type\":\"BreadcrumbList\",\"@id\":\"https:\/\/metzgerei-grom.de\/vorbestellung\/#breadcrumb\",\"itemListElement\":[{\"@type\":\"ListItem\",\"position\":1,\"name\":\"Startseite\",\"item\":\"https:\/\/metzgerei-grom.de\/vorbestellung\/\"},{\"@type\":\"ListItem\",\"position\":2,\"name\":\"Vorbestellungen f\u00fcr deine Metzgerei Grom\"}]},{\"@type\":\"WebSite\",\"@id\":\"https:\/\/metzgerei-grom.de\/vorbestellung\/#website\",\"url\":\"https:\/\/metzgerei-grom.de\/vorbestellung\/\",\"name\":\"Online vorbestellen\",\"description\":\"Eine weitere Metzgerei Grom Websites Website\",\"publisher\":{\"@id\":\"https:\/\/metzgerei-grom.de\/vorbestellung\/#organization\"},\"potentialAction\":[{\"@type\":\"SearchAction\",\"target\":{\"@type\":\"EntryPoint\",\"urlTemplate\":\"https:\/\/metzgerei-grom.de\/vorbestellung\/?s={search_term_string}\"},\"query-input\":\"required name=search_term_string\"}],\"inLanguage\":\"de\"},{\"@type\":\"Organization\",\"@id\":\"https:\/\/metzgerei-grom.de\/vorbestellung\/#organization\",\"name\":\"Online vorbestellen\",\"url\":\"https:\/\/metzgerei-grom.de\/vorbestellung\/\",\"sameAs\":[],\"logo\":{\"@type\":\"ImageObject\",\"inLanguage\":\"de\",\"@id\":\"https:\/\/metzgerei-grom.de\/vorbestellung\/#\/schema\/logo\/image\/\",\"url\":\"https:\/\/metzgerei-grom.de\/vorbestellung\/wp-content\/uploads\/sites\/2\/2020\/04\/cropped-metzgerei-grom-bad-bocklet-1.jpg\",\"contentUrl\":\"https:\/\/metzgerei-grom.de\/vorbestellung\/wp-content\/uploads\/sites\/2\/2020\/04\/cropped-metzgerei-grom-bad-bocklet-1.jpg\",\"width\":400,\"height\":134,\"caption\":\"Online vorbestellen\"},\"image\":{\"@id\":\"https:\/\/metzgerei-grom.de\/vorbestellung\/#\/schema\/logo\/image\/\"}}]}<\/script>\n<!-- \/ Yoast SEO plugin. -->","yoast_head_json":{"title":"Online vorbestellen und im Laden abholen | Metzgerei Grom","robots":{"index":"index","follow":"follow","max-snippet":"max-snippet:-1","max-image-preview":"max-image-preview:large","max-video-preview":"max-video-preview:-1"},"canonical":"https:\/\/metzgerei-grom.de\/vorbestellung\/","og_locale":"de_DE","og_type":"article","og_title":"Online vorbestellen und im Laden abholen | Metzgerei Grom","og_description":"Online vorbestellen und im Laden abholen Nicht aufgef\u00fchrte Waren k\u00f6nnen Sie am Ende beim Bestellabschluss noch eintragen (z.B. Grillfleisch oder \u00e4hnliches). Unsere Produkte Aufschnitt Dosen\/Gl\u00e4ser W\u00fcrstl Grillsachen","og_url":"https:\/\/metzgerei-grom.de\/vorbestellung\/","og_site_name":"Online vorbestellen","article_modified_time":"2022-04-14T05:50:24+00:00","og_image":[{"width":1600,"height":888,"url":"https:\/\/metzgerei-grom.de\/vorbestellung\/wp-content\/uploads\/sites\/2\/2020\/09\/94031177_1588916224608623_323229536365838336_o-e1600593475860.jpg","type":"image\/jpeg"}],"twitter_card":"summary_large_image","schema":{"@context":"https:\/\/schema.org","@graph":[{"@type":"WebPage","@id":"https:\/\/metzgerei-grom.de\/vorbestellung\/","url":"https:\/\/metzgerei-grom.de\/vorbestellung\/","name":"Online vorbestellen und im Laden abholen | Metzgerei Grom","isPartOf":{"@id":"https:\/\/metzgerei-grom.de\/vorbestellung\/#website"},"datePublished":"2020-04-05T17:16:44+00:00","dateModified":"2022-04-14T05:50:24+00:00","breadcrumb":{"@id":"https:\/\/metzgerei-grom.de\/vorbestellung\/#breadcrumb"},"inLanguage":"de","potentialAction":[{"@type":"ReadAction","target":["https:\/\/metzgerei-grom.de\/vorbestellung\/"]}]},{"@type":"BreadcrumbList","@id":"https:\/\/metzgerei-grom.de\/vorbestellung\/#breadcrumb","itemListElement":[{"@type":"ListItem","position":1,"name":"Startseite","item":"https:\/\/metzgerei-grom.de\/vorbestellung\/"},{"@type":"ListItem","position":2,"name":"Vorbestellungen f\u00fcr deine Metzgerei Grom"}]},{"@type":"WebSite","@id":"https:\/\/metzgerei-grom.de\/vorbestellung\/#website","url":"https:\/\/metzgerei-grom.de\/vorbestellung\/","name":"Online vorbestellen","description":"Eine weitere Metzgerei Grom Websites Website","publisher":{"@id":"https:\/\/metzgerei-grom.de\/vorbestellung\/#organization"},"potentialAction":[{"@type":"SearchAction","target":{"@type":"EntryPoint","urlTemplate":"https:\/\/metzgerei-grom.de\/vorbestellung\/?s={search_term_string}"},"query-input":"required name=search_term_string"}],"inLanguage":"de"},{"@type":"Organization","@id":"https:\/\/metzgerei-grom.de\/vorbestellung\/#organization","name":"Online vorbestellen","url":"https:\/\/metzgerei-grom.de\/vorbestellung\/","sameAs":[],"logo":{"@type":"ImageObject","inLanguage":"de","@id":"https:\/\/metzgerei-grom.de\/vorbestellung\/#\/schema\/logo\/image\/","url":"https:\/\/metzgerei-grom.de\/vorbestellung\/wp-content\/uploads\/sites\/2\/2020\/04\/cropped-metzgerei-grom-bad-bocklet-1.jpg","contentUrl":"https:\/\/metzgerei-grom.de\/vorbestellung\/wp-content\/uploads\/sites\/2\/2020\/04\/cropped-metzgerei-grom-bad-bocklet-1.jpg","width":400,"height":134,"caption":"Online vorbestellen"},"image":{"@id":"https:\/\/metzgerei-grom.de\/vorbestellung\/#\/schema\/logo\/image\/"}}]}},"_links":{"self":[{"href":"https:\/\/metzgerei-grom.de\/vorbestellung\/wp-json\/wp\/v2\/pages\/36"}],"collection":[{"href":"https:\/\/metzgerei-grom.de\/vorbestellung\/wp-json\/wp\/v2\/pages"}],"about":[{"href":"https:\/\/metzgerei-grom.de\/vorbestellung\/wp-json\/wp\/v2\/types\/page"}],"author":[{"embeddable":true,"href":"https:\/\/metzgerei-grom.de\/vorbestellung\/wp-json\/wp\/v2\/users\/1"}],"replies":[{"embeddable":true,"href":"https:\/\/metzgerei-grom.de\/vorbestellung\/wp-json\/wp\/v2\/comments?post=36"}],"version-history":[{"count":36,"href":"https:\/\/metzgerei-grom.de\/vorbestellung\/wp-json\/wp\/v2\/pages\/36\/revisions"}],"predecessor-version":[{"id":670,"href":"https:\/\/metzgerei-grom.de\/vorbestellung\/wp-json\/wp\/v2\/pages\/36\/revisions\/670"}],"wp:featuredmedia":[{"embeddable":true,"href":"https:\/\/metzgerei-grom.de\/vorbestellung\/wp-json\/wp\/v2\/media\/524"}],"wp:attachment":[{"href":"https:\/\/metzgerei-grom.de\/vorbestellung\/wp-json\/wp\/v2\/media?parent=36"}],"curies":[{"name":"wp","href":"https:\/\/api.w.org\/{rel}","templated":true}]}}